{"id":23,"date":"2026-03-26T14:23:13","date_gmt":"2026-03-26T14:23:13","guid":{"rendered":"https:\/\/authorscae.net\/?page_id=23"},"modified":"2026-04-15T14:59:36","modified_gmt":"2026-04-15T14:59:36","slug":"contacto","status":"publish","type":"page","link":"https:\/\/authorscae.net\/es\/contacto\/","title":{"rendered":"Contacto"},"content":{"rendered":"<div class=\"et_pb_section_0 et_pb_section et_section_regular et_block_section\">\n<div class=\"et_pb_row_0 et_pb_row et_block_row\">\n<div class=\"et_pb_column_0 et_pb_column et_pb_column_4_4 et-last-child et_block_column et_pb_css_mix_blend_mode_passthrough\">\n<div class=\"et_pb_heading_0 et_pb_heading et_pb_module et_block_module preset--module--divi-heading--fc157b05-ff80-40bb-8c7c-4216843f6274\"><div class=\"et_pb_heading_container\"><h1 class=\"et_pb_module_header\">Contacto<\/h1><\/div><\/div>\n\n<div class=\"et_pb_heading_1 et_pb_heading et_pb_module et_flex_module preset--module--divi-heading--default\"><div class=\"et_pb_heading_container\"><h2 class=\"et_pb_module_header\">\u00bfListo para impulsar su formaci\u00f3n online?<\/h2><\/div><\/div>\n<\/div>\n<\/div>\n\n<div class=\"et_pb_row_1 et_pb_row et_block_row\">\n<div class=\"et_pb_column_1 et_pb_column et_pb_column_3_5 et_block_column et_pb_css_mix_blend_mode_passthrough\">\n<div class=\"et_pb_contact_form_0 et_pb_contact_form_container clearfix et_pb_module et_flex_module preset--module--divi-contact-form--default\" data-form_unique_num=\"0\" data-form_unique_id=\"f73d9945-35c2-4c22-a935-05303d15dfd0\" id=\"et_pb_contact_form_f73d9945-35c2-4c22-a935-05303d15dfd0\"><div class=\"et-pb-contact-message\"><\/div><div class=\"et_pb_contact\"><form class=\"et_pb_contact_form et_flex_module\" method=\"post\" action=\"https:\/\/authorscae.net\/es\/wp-json\/wp\/v2\/pages\/23\">\n<div class=\"et_pb_contact_field_0 et_pb_contact_field et_pb_module et_flex_module et_flex_column_12_24 et_flex_column_12_24_tablet et_flex_column_24_24_phone\" data-id=\"nombre\" data-type=\"input\"><label class=\"et_pb_contact_form_label\" for=\"et_pb_contact_0_nombre_0\">Nombre<\/label><input type=\"text\" name=\"et_pb_contact_0_nombre_0\" id=\"et_pb_contact_0_nombre_0\" class=\"input\" data-required_mark=\"required\" data-field_type=\"input\" data-original_id=\"nombre\" placeholder=\"Nombre\" title=\"\" value=\"\" \/><\/div>\n\n<div class=\"et_pb_contact_field_1 et_pb_contact_field et_pb_module et_flex_module et_flex_column_12_24 et_flex_column_12_24_tablet et_flex_column_24_24_phone\" data-id=\"cargo\" data-type=\"input\"><label class=\"et_pb_contact_form_label\" for=\"et_pb_contact_0_cargo_1\">Cargo<\/label><input type=\"text\" name=\"et_pb_contact_0_cargo_1\" id=\"et_pb_contact_0_cargo_1\" class=\"input\" data-required_mark=\"required\" data-field_type=\"input\" data-original_id=\"cargo\" placeholder=\"Cargo\" title=\"\" value=\"\" \/><\/div>\n\n<div class=\"et_pb_contact_field_2 et_pb_contact_field et_pb_module et_flex_module et_flex_column_12_24 et_flex_column_12_24_tablet et_flex_column_24_24_phone\" data-id=\"web\" data-type=\"input\"><label class=\"et_pb_contact_form_label\" for=\"et_pb_contact_0_web_2\">P\u00e1gina web corporativa<\/label><input type=\"text\" name=\"et_pb_contact_0_web_2\" id=\"et_pb_contact_0_web_2\" class=\"input\" data-required_mark=\"required\" data-field_type=\"input\" data-original_id=\"web\" placeholder=\"P\u00e1gina web corporativa\" title=\"\" value=\"\" \/><\/div>\n\n<div class=\"et_pb_contact_field_3 et_pb_contact_field et_pb_module et_flex_module et_flex_column_12_24 et_flex_column_12_24_tablet et_flex_column_24_24_phone\" data-id=\"email\" data-type=\"email\"><label class=\"et_pb_contact_form_label\" for=\"et_pb_contact_0_email_3\">Direcci\u00f3n e-mail corporativo<\/label><input type=\"text\" name=\"et_pb_contact_0_email_3\" id=\"et_pb_contact_0_email_3\" class=\"input\" data-required_mark=\"required\" data-field_type=\"email\" data-original_id=\"email\" placeholder=\"Direcci\u00f3n e-mail corporativo\" title=\"\" value=\"\" \/><\/div>\n\n<div class=\"et_pb_contact_field_4 et_pb_contact_field et_pb_module et_flex_module et_flex_column_12_24 et_flex_column_12_24_tablet et_flex_column_24_24_phone\" data-id=\"pais\" data-type=\"input\"><label class=\"et_pb_contact_form_label\" for=\"et_pb_contact_0_pais_4\">Pa\u00eds\/ Estado<\/label><input type=\"text\" name=\"et_pb_contact_0_pais_4\" id=\"et_pb_contact_0_pais_4\" class=\"input\" data-required_mark=\"required\" data-field_type=\"input\" data-original_id=\"pais\" placeholder=\"Pa\u00eds\/ Estado\" title=\"\" value=\"\" \/><\/div>\n\n<div class=\"et_pb_contact_field_5 et_pb_contact_field et_pb_module et_flex_module et_flex_column_12_24 et_flex_column_12_24_tablet et_flex_column_24_24_phone\" data-id=\"tel\u00e9fono\" data-type=\"input\"><label class=\"et_pb_contact_form_label\" for=\"et_pb_contact_0_tel\u00e9fono_5\">Tel\u00e9fono<\/label><input type=\"text\" name=\"et_pb_contact_0_tel\u00e9fono_5\" id=\"et_pb_contact_0_tel\u00e9fono_5\" class=\"input\" data-required_mark=\"required\" data-field_type=\"input\" data-original_id=\"tel\u00e9fono\" placeholder=\"Tel\u00e9fono\" pattern=\"[0-9\\s\\-]*\" title=\"Solo se permiten n\u00fameros.\" value=\"\" \/><\/div>\n\n<div class=\"et_pb_contact_field_6 et_pb_contact_field et_pb_module et_flex_module et_flex_column_12_24 et_flex_column_12_24_tablet et_flex_column_24_24_phone\" data-id=\"volumen\" data-type=\"select\"><label class=\"et_pb_contact_form_label\" for=\"et_pb_contact_0_volumen_6\">Volumen<\/label><select name=\"et_pb_contact_0_volumen_6\" id=\"et_pb_contact_0_volumen_6\" class=\"et_pb_contact_select input\" data-required_mark=\"required\" data-field_type=\"select\" data-original_id=\"volumen\"><option value=\"\">Volumen<\/option><option value=\"500\" data-id=\"\">500<\/option><option value=\"+1000\" data-id=\"\">+1000<\/option><option value=\"+5000\" data-id=\"\">+5000<\/option><option value=\"+10000\" data-id=\"\">+10000<\/option><\/select><\/div>\n\n<div class=\"et_pb_contact_field_7 et_pb_contact_field et_pb_module et_flex_module et_flex_column_12_24 et_flex_column_12_24_tablet et_flex_column_24_24_phone\" data-id=\"opciones\" data-type=\"radio\"><label class=\"et_pb_contact_form_label\">Opciones:<\/label><span class=\"et_pb_contact_field_options_wrapper\"><span class=\"et_pb_contact_field_options_title\">Opciones:<\/span><span class=\"et_pb_contact_field_options_list\"><span class=\"et_pb_contact_field_radio\"><input type=\"radio\" name=\"et_pb_contact_0_opciones_7\" id=\"et_pb_contact_0_opciones_7_0\" class=\"input\" value=\"Creaci\u00f3n de cursos y contenidos e-learning a partir de sus propios contenidos.\" data-required_mark=\"required\" data-field_type=\"radio\" data-original_id=\"opciones\" data-id=\"7e666f55-772b-4d02-bbca-89e96509e5a6\" \/><label for=\"et_pb_contact_0_opciones_7_0\"><i><\/i>Creaci\u00f3n de cursos y contenidos e-learning a partir de sus propios contenidos.<\/label><\/span><span class=\"et_pb_contact_field_radio\"><input type=\"radio\" name=\"et_pb_contact_0_opciones_7\" id=\"et_pb_contact_0_opciones_7_1\" class=\"input\" value=\"Creaci\u00f3n de cursos y contenidos e-learning a partir de sus objetivos\/\u00edndices y generaci\u00f3n por IA.\" data-required_mark=\"required\" data-field_type=\"radio\" data-original_id=\"opciones\" data-id=\"738f77c6-497b-46e5-bfd6-9b95d3aecc35\" \/><label for=\"et_pb_contact_0_opciones_7_1\"><i><\/i>Creaci\u00f3n de cursos y contenidos e-learning a partir de sus objetivos\/\u00edndices y generaci\u00f3n por IA.<\/label><\/span><\/span><\/span><\/div>\n\n<div class=\"et_pb_contact_field_8 et_pb_contact_field et_pb_module et_flex_module et_flex_column_24_24 et_flex_column_24_24_tablet et_flex_column_24_24_phone\" data-id=\"mensaje\" data-type=\"text\"><label class=\"et_pb_contact_form_label\" for=\"et_pb_contact_0_mensaje_8\">Mensaje<\/label><textarea name=\"et_pb_contact_0_mensaje_8\" id=\"et_pb_contact_0_mensaje_8\" class=\"et_pb_contact_message input\" data-required_mark=\"required\" data-field_type=\"text\" data-original_id=\"mensaje\" placeholder=\"Mensaje\"><\/textarea><\/div>\n\n<div class=\"et_pb_contact_field_9 et_pb_contact_field et_pb_module et_flex_module et_flex_column_24_24 et_flex_column_24_24_tablet et_flex_column_24_24_phone\" data-id=\"privacidad\" data-type=\"radio\"><label class=\"et_pb_contact_form_label\">Pol\u00edtica de privacidad<\/label><span class=\"et_pb_contact_field_options_wrapper\"><span class=\"et_pb_contact_field_options_title\">Pol\u00edtica de privacidad<\/span><span class=\"et_pb_contact_field_options_list\"><span class=\"et_pb_contact_field_radio\"><input type=\"radio\" name=\"et_pb_contact_0_privacidad_9\" id=\"et_pb_contact_0_privacidad_9_0\" class=\"input\" value=\"Doy mi consentimiento para el tratamiento de mis datos personales de acuerdo con la Pol\u00edtica de Privacidad. S\u00ed, me gustar\u00eda ser contactado y recibir informaci\u00f3n actualizada por correo electr\u00f3nico y tel\u00e9fono.\" data-required_mark=\"required\" data-field_type=\"radio\" data-original_id=\"privacidad\" data-id=\"33e6f552-a4cf-4e17-b312-c9a789bd9190\" \/><label for=\"et_pb_contact_0_privacidad_9_0\"><i><\/i>Doy mi consentimiento para el tratamiento de mis datos personales de acuerdo con la Pol\u00edtica de Privacidad. S\u00ed, me gustar\u00eda ser contactado y recibir informaci\u00f3n actualizada por correo electr\u00f3nico y tel\u00e9fono.<\/label><\/span><\/span><\/span><\/div>\n<input type=\"hidden\" name=\"et_pb_contactform_submit_f73d9945-35c2-4c22-a935-05303d15dfd0\" value=\"et_contact_proccess\" \/><div class=\"et_contact_bottom_container\"><div class=\"et_pb_button_wrapper\"><button type=\"submit\" name=\"et_builder_submit_button\" class=\"et_pb_button et_pb_contact_submit\">ENVIAR<\/button><\/div><\/div><input type=\"hidden\" id=\"_wpnonce-et-pb-contact-form-submitted-f73d9945-35c2-4c22-a935-05303d15dfd0\" name=\"_wpnonce-et-pb-contact-form-submitted-f73d9945-35c2-4c22-a935-05303d15dfd0\" value=\"add25208b1\" \/><input type=\"hidden\" name=\"_wp_http_referer\" value=\"\/es\/wp-json\/wp\/v2\/pages\/23\" \/><\/form><\/div><\/div>\n<\/div>\n\n<div class=\"et_pb_column_2 et_pb_column et_pb_column_2_5 et-last-child et_block_column et_pb_css_mix_blend_mode_passthrough\">\n\n\n\n\n<div class=\"et_pb_icon_1 et_pb_icon et_pb_module et_flex_module preset--module--divi-icon--default\"><span class=\"et_pb_icon_wrap\"><span class=\"et-pb-icon\">\uf276<\/span><\/span><\/div>\n\n<div class=\"et_pb_text_1 et_pb_text et_pb_bg_layout_light et_pb_module et_block_module preset--module--divi-text--default\"><div class=\"et_pb_text_inner\"><p>Miami \u2013 USA 1395 Brickell Ave, Miami<br \/>Fl 33131, USA<\/p>\n<\/div><\/div>\n<\/div>\n<\/div>\n<\/div>","protected":false},"excerpt":{"rendered":"","protected":false},"author":1,"featured_media":0,"parent":0,"menu_order":0,"comment_status":"closed","ping_status":"closed","template":"","meta":{"footnotes":""},"class_list":["post-23","page","type-page","status-publish","hentry"],"yoast_head":"<!-- This site is optimized with the Yoast SEO plugin v27.3 - https:\/\/yoast.com\/product\/yoast-seo-wordpress\/ -->\n<title>Contacto - Solicite informaci\u00f3n sobre cursos online y a medida - Authors CAE<\/title>\n<meta name=\"description\" content=\"Contacto AuthorsCAE. Solicite informaci\u00f3n sobre nuestro cat\u00e1logo de cursos y la digitalizaci\u00f3n de sus cursos online a medida.\" \/>\n<meta name=\"robots\" content=\"index, follow, max-snippet:-1, max-image-preview:large, max-video-preview:-1\" \/>\n<link rel=\"canonical\" href=\"https:\/\/authorscae.net\/es\/contacto\/\" \/>\n<meta property=\"og:locale\" content=\"es_ES\" \/>\n<meta property=\"og:type\" content=\"article\" \/>\n<meta property=\"og:title\" content=\"Contacto - Solicite informaci\u00f3n sobre cursos online y a medida - Authors CAE\" \/>\n<meta property=\"og:description\" content=\"Contacto AuthorsCAE. Solicite informaci\u00f3n sobre nuestro cat\u00e1logo de cursos y la digitalizaci\u00f3n de sus cursos online a medida.\" \/>\n<meta property=\"og:url\" content=\"https:\/\/authorscae.net\/es\/contacto\/\" \/>\n<meta property=\"og:site_name\" content=\"Authors CAE\" \/>\n<meta property=\"article:modified_time\" content=\"2026-04-15T14:59:36+00:00\" \/>\n<meta name=\"twitter:card\" content=\"summary_large_image\" \/>\n<script type=\"application\/ld+json\" class=\"yoast-schema-graph\">{\"@context\":\"https:\\\/\\\/schema.org\",\"@graph\":[{\"@type\":\"WebPage\",\"@id\":\"https:\\\/\\\/authorscae.net\\\/es\\\/contacto\\\/\",\"url\":\"https:\\\/\\\/authorscae.net\\\/es\\\/contacto\\\/\",\"name\":\"Contacto - Solicite informaci\u00f3n sobre cursos online y a medida - Authors CAE\",\"isPartOf\":{\"@id\":\"https:\\\/\\\/authorscae.net\\\/es\\\/#website\"},\"datePublished\":\"2026-03-26T14:23:13+00:00\",\"dateModified\":\"2026-04-15T14:59:36+00:00\",\"description\":\"Contacto AuthorsCAE. Solicite informaci\u00f3n sobre nuestro cat\u00e1logo de cursos y la digitalizaci\u00f3n de sus cursos online a medida.\",\"breadcrumb\":{\"@id\":\"https:\\\/\\\/authorscae.net\\\/es\\\/contacto\\\/#breadcrumb\"},\"inLanguage\":\"es\",\"potentialAction\":[{\"@type\":\"ReadAction\",\"target\":[\"https:\\\/\\\/authorscae.net\\\/es\\\/contacto\\\/\"]}]},{\"@type\":\"BreadcrumbList\",\"@id\":\"https:\\\/\\\/authorscae.net\\\/es\\\/contacto\\\/#breadcrumb\",\"itemListElement\":[{\"@type\":\"ListItem\",\"position\":1,\"name\":\"Portada\",\"item\":\"https:\\\/\\\/authorscae.net\\\/es\\\/\"},{\"@type\":\"ListItem\",\"position\":2,\"name\":\"Contacto\"}]},{\"@type\":\"WebSite\",\"@id\":\"https:\\\/\\\/authorscae.net\\\/es\\\/#website\",\"url\":\"https:\\\/\\\/authorscae.net\\\/es\\\/\",\"name\":\"Authors CAE\",\"description\":\"Soluciones e-learning con IA de alto impacto\",\"potentialAction\":[{\"@type\":\"SearchAction\",\"target\":{\"@type\":\"EntryPoint\",\"urlTemplate\":\"https:\\\/\\\/authorscae.net\\\/es\\\/?s={search_term_string}\"},\"query-input\":{\"@type\":\"PropertyValueSpecification\",\"valueRequired\":true,\"valueName\":\"search_term_string\"}}],\"inLanguage\":\"es\"}]}<\/script>\n<!-- \/ Yoast SEO plugin. -->","yoast_head_json":{"title":"Contacto - Solicite informaci\u00f3n sobre cursos online y a medida - Authors CAE","description":"Contacto AuthorsCAE. Solicite informaci\u00f3n sobre nuestro cat\u00e1logo de cursos y la digitalizaci\u00f3n de sus cursos online a medida.","robots":{"index":"index","follow":"follow","max-snippet":"max-snippet:-1","max-image-preview":"max-image-preview:large","max-video-preview":"max-video-preview:-1"},"canonical":"https:\/\/authorscae.net\/es\/contacto\/","og_locale":"es_ES","og_type":"article","og_title":"Contacto - Solicite informaci\u00f3n sobre cursos online y a medida - Authors CAE","og_description":"Contacto AuthorsCAE. Solicite informaci\u00f3n sobre nuestro cat\u00e1logo de cursos y la digitalizaci\u00f3n de sus cursos online a medida.","og_url":"https:\/\/authorscae.net\/es\/contacto\/","og_site_name":"Authors CAE","article_modified_time":"2026-04-15T14:59:36+00:00","twitter_card":"summary_large_image","schema":{"@context":"https:\/\/schema.org","@graph":[{"@type":"WebPage","@id":"https:\/\/authorscae.net\/es\/contacto\/","url":"https:\/\/authorscae.net\/es\/contacto\/","name":"Contacto - Solicite informaci\u00f3n sobre cursos online y a medida - Authors CAE","isPartOf":{"@id":"https:\/\/authorscae.net\/es\/#website"},"datePublished":"2026-03-26T14:23:13+00:00","dateModified":"2026-04-15T14:59:36+00:00","description":"Contacto AuthorsCAE. Solicite informaci\u00f3n sobre nuestro cat\u00e1logo de cursos y la digitalizaci\u00f3n de sus cursos online a medida.","breadcrumb":{"@id":"https:\/\/authorscae.net\/es\/contacto\/#breadcrumb"},"inLanguage":"es","potentialAction":[{"@type":"ReadAction","target":["https:\/\/authorscae.net\/es\/contacto\/"]}]},{"@type":"BreadcrumbList","@id":"https:\/\/authorscae.net\/es\/contacto\/#breadcrumb","itemListElement":[{"@type":"ListItem","position":1,"name":"Portada","item":"https:\/\/authorscae.net\/es\/"},{"@type":"ListItem","position":2,"name":"Contacto"}]},{"@type":"WebSite","@id":"https:\/\/authorscae.net\/es\/#website","url":"https:\/\/authorscae.net\/es\/","name":"Authors CAE","description":"Soluciones e-learning con IA de alto impacto","potentialAction":[{"@type":"SearchAction","target":{"@type":"EntryPoint","urlTemplate":"https:\/\/authorscae.net\/es\/?s={search_term_string}"},"query-input":{"@type":"PropertyValueSpecification","valueRequired":true,"valueName":"search_term_string"}}],"inLanguage":"es"}]}},"_links":{"self":[{"href":"https:\/\/authorscae.net\/es\/wp-json\/wp\/v2\/pages\/23","targetHints":{"allow":["GET"]}}],"collection":[{"href":"https:\/\/authorscae.net\/es\/wp-json\/wp\/v2\/pages"}],"about":[{"href":"https:\/\/authorscae.net\/es\/wp-json\/wp\/v2\/types\/page"}],"author":[{"embeddable":true,"href":"https:\/\/authorscae.net\/es\/wp-json\/wp\/v2\/users\/1"}],"replies":[{"embeddable":true,"href":"https:\/\/authorscae.net\/es\/wp-json\/wp\/v2\/comments?post=23"}],"version-history":[{"count":12,"href":"https:\/\/authorscae.net\/es\/wp-json\/wp\/v2\/pages\/23\/revisions"}],"predecessor-version":[{"id":320137,"href":"https:\/\/authorscae.net\/es\/wp-json\/wp\/v2\/pages\/23\/revisions\/320137"}],"wp:attachment":[{"href":"https:\/\/authorscae.net\/es\/wp-json\/wp\/v2\/media?parent=23"}],"curies":[{"name":"wp","href":"https:\/\/api.w.org\/{rel}","templated":true}]}}